{"id":2160,"date":"2026-04-30T13:06:42","date_gmt":"2026-04-30T11:06:42","guid":{"rendered":"https:\/\/www.visiteucaldes.cat\/botiga_thermalia\/?post_type=product&#038;p=2160"},"modified":"2026-05-03T20:51:27","modified_gmt":"2026-05-03T18:51:27","slug":"camins-de-bruixes-15-de-maig-21-30-h","status":"publish","type":"product","link":"https:\/\/www.visiteucaldes.cat\/botiga_thermalia\/producte\/camins-de-bruixes-15-de-maig-21-30-h\/","title":{"rendered":"Camins de bruixes 15 de maig (21.30 h)"},"content":{"rendered":"<p>Punt de trobada: Museu Thermalia. Pla\u00e7a de la Font del Lle\u00f3, 20<\/p>\n<p>Durada aproximada: 2h<\/p>\n<p>Es recomana portar cal\u00e7at c\u00f2mode i aigua<\/p>\n<p>No recomanada per menors de 12 anys<\/p>\n<p>Organitza: Museu Thermalia<\/p>\n<p>Col\u00b7labora: Cooltur i Projecte Lilith<\/p>\n","protected":false},"excerpt":{"rendered":"<p>Recorregut guiat nocturn que s\u2019inicia a la pla\u00e7a de la Font del Lle\u00f3 per remarcar la part hist\u00f2rica que hi ha darrere de les llegendes. All\u00f2 que la documentaci\u00f3 real ens mostra, persones amb noms i cognoms que van ser acusades entre 1619 i 1621 i executades per bruixes i metzineres a Caldes de Montbui.<\/p>\n","protected":false},"featured_media":1584,"comment_status":"closed","ping_status":"closed","template":"","meta":[],"product_brand":[],"product_cat":[45],"product_tag":[132],"class_list":{"0":"post-2160","1":"product","2":"type-product","3":"status-publish","4":"has-post-thumbnail","6":"product_cat-visites-guiades","7":"product_tag-tiquets","9":"first","10":"outofstock","11":"downloadable","12":"virtual","13":"taxable","14":"purchasable","15":"product-type-simple"},"jetpack_sharing_enabled":true,"_links":{"self":[{"href":"https:\/\/www.visiteucaldes.cat\/botiga_thermalia\/wp-json\/wp\/v2\/product\/2160","targetHints":{"allow":["GET"]}}],"collection":[{"href":"https:\/\/www.visiteucaldes.cat\/botiga_thermalia\/wp-json\/wp\/v2\/product"}],"about":[{"href":"https:\/\/www.visiteucaldes.cat\/botiga_thermalia\/wp-json\/wp\/v2\/types\/product"}],"replies":[{"embeddable":true,"href":"https:\/\/www.visiteucaldes.cat\/botiga_thermalia\/wp-json\/wp\/v2\/comments?post=2160"}],"wp:featuredmedia":[{"embeddable":true,"href":"https:\/\/www.visiteucaldes.cat\/botiga_thermalia\/wp-json\/wp\/v2\/media\/1584"}],"wp:attachment":[{"href":"https:\/\/www.visiteucaldes.cat\/botiga_thermalia\/wp-json\/wp\/v2\/media?parent=2160"}],"wp:term":[{"taxonomy":"product_brand","embeddable":true,"href":"https:\/\/www.visiteucaldes.cat\/botiga_thermalia\/wp-json\/wp\/v2\/product_brand?post=2160"},{"taxonomy":"product_cat","embeddable":true,"href":"https:\/\/www.visiteucaldes.cat\/botiga_thermalia\/wp-json\/wp\/v2\/product_cat?post=2160"},{"taxonomy":"product_tag","embeddable":true,"href":"https:\/\/www.visiteucaldes.cat\/botiga_thermalia\/wp-json\/wp\/v2\/product_tag?post=2160"}],"curies":[{"name":"wp","href":"https:\/\/api.w.org\/{rel}","templated":true}]}}